{"id":2,"date":"2022-07-06T14:00:36","date_gmt":"2022-07-06T14:00:36","guid":{"rendered":"https:\/\/fa-mives.hu\/home\/fa-mives.hu\/public_html\/?page_id=2"},"modified":"2022-07-07T11:23:33","modified_gmt":"2022-07-07T11:23:33","slug":"sample-page","status":"publish","type":"page","link":"https:\/\/fa-mives.hu\/?page_id=2","title":{"rendered":"T\u00f6rt\u00e9net"},"content":{"rendered":"\n<p>A Fa-M\u00edves Kft. c\u00e9gt\u00f6rt\u00e9nete visszavezethet\u0151 eg\u00e9szen a<strong><em>z esztergomi szipkagy\u00e1rig, amely Olt\u00f3sy P\u00e1l nev\u00e9hez k\u00f6thet\u0151<\/em><\/strong><em>. <\/em><\/p>\n\n\n\n<p><em>A szentgy\u00f6rgymez\u0151i szipkagy\u00e1r\u00e1ban k\u00e9sz\u00fclt term\u00e9kek magas min\u0151s\u00e9ge remek alapot ny\u00fajtottak a vil\u00e1gh\u00edrhez. Olt\u00f3sy P\u00e1l elhivatott munk\u00e1j\u00e1t k\u00e9s\u0151bb megosztotta fiaival is, az esztergomi meggyfatelepet \u00e9s az \u00fczemet Ferencre b\u00edzta. B\u00e9csben exportrakt\u00e1rat nyitottak, ezt a r\u00e9szleget P\u00e1l m\u00e1sik fia, Lajos vezette. A sikereken felb\u00e1torodva t\u00f6bb eur\u00f3pai v\u00e1rosban, \u00edgy Koppenh\u00e1g\u00e1ban, Szentp\u00e9terv\u00e1rott, Vars\u00f3ban, Konstantin\u00e1polyban, Madridban, P\u00e1rizsban, Londonban, Liverpoolban volt k\u00e9pviselet\u00fck, bizom\u00e1nyosi rakt\u00e1ruk, s\u0151t az \u00f6reg kontinens megh\u00f3d\u00edt\u00e1sa ut\u00e1n New York, Philadelphia, San Francisco \u00e9s Cleve\u00adland is felker\u00fclt Olt\u00f3sy\u00e9k t\u00e9rk\u00e9p\u00e9re, ezekben az amerikai nagyv\u00e1rosok\u00adban is rendelkeztek kirendelts\u00e9gekkel. Az Olt\u00f3sy P\u00e1l \u00e9s Fiai v\u00e1llalt term\u00e9kei \u00edgy v\u00e1ltak vil\u00e1gszerte ismertt\u00e9 \u00e9s elismert\u00e9. K\u00e9sz\u00edtm\u00e9nyeik els\u0151 oszt\u00e1ly\u00fa kivitelez\u00e9s\u00e9nek, tart\u00f3ss\u00e1g\u00e1nak elismer\u00e9sek\u00e9nt a hazai \u00e9s nemzetk\u00f6zi ipari ki\u00e1ll\u00edt\u00e1sokon sok-sok d\u00edjat nyerjenek. Esztergomban 1863-ban \u00e9s 1869-ben, Budapesten 1871-ben \u00e9s 1885-ben, Londonban 1889-ben, Bostonban 1881-ben, Antwerpenben 1885-ben kaptak magas rang\u00fa elismer\u00e9st term\u00e9keik\u00e9rt. Olt\u00f3sy P\u00e1lt 1885-ben Ferenc J\u00f3zsef-renddel t\u00fcntett\u00e9k ki, ami \u00a0egy\u00e9bk\u00e9nt a szabads\u00e1gharcban v\u00e9gzett katonai tev\u00e9kenys\u00e9ge f\u00e9ny\u00e9ben k\u00fcl\u00f6n \u00e9rdekes eredm\u00e9ny, ugyanis a <\/em>\u201948-as <em>esem\u00e9nyek sor\u00e1n honv\u00e9d sz\u00e1zados volt. A szentgy\u00f6rgymez\u0151i k\u00e9pvisel\u0151-test\u00fclet 1893. j\u00fanius elsej\u00e9n \u00f6r\u00f6k\u00f6s d\u00edszpolg\u00e1r\u00e1v\u00e1 v\u00e1lasztotta, az \u00e9rvel\u00e9s k\u00f6z\u00f6tt az \u00e1llt: <\/em><strong><em>\u201emert v\u00e1rosunknak h\u00edrt, nevet, dics\u0151s\u00e9get szerzett \u00e9s sz\u00e1z embernek \u00e9veken \u00e1t kenyeret biztos\u00edtott\u201d<\/em>.<\/strong> <\/p>\n\n\n<div class=\"wp-block-image\">\n<figure class=\"aligncenter size-full\"><img decoding=\"async\" src=\"https:\/\/fa-mives.hu\/wp-content\/uploads\/2022\/07\/ojtossy_pal-1-edited-1.jpg\" alt=\"\" class=\"wp-image-41\"\/><figcaption>Olt\u00f3sy P\u00e1l eszterg\u00e1lyos mester \u00e9s gy\u00fcm\u00f6lcskert\u00e9sz. (arcanum.hu)<\/figcaption><\/figure>\n<\/div>\n\n\n<p>A c\u00e9get Ferenc fia, majd unok\u00e1ja vitte tov\u00e1bb, m\u00edg v\u00e9g\u00fcl az Olt\u00f3sy Szipkagy\u00e1r a m\u00e1sodik vil\u00e1gh\u00e1bor\u00fa ut\u00e1ni k\u00e9nyszer\u0171 \u00e1llamos\u00edt\u00e1s nyom\u00e1n az 1951-ben \u00e1talakult \u00e9s <strong>Esztergomi Fat\u00f6megcikkipari V\u00e1llalat<\/strong> n\u00e9ven termelt tov\u00e1bb. Ennek az \u00fczemnek lett az ut\u00f3dja el\u0151sz\u00f6r az <strong>Esztergomi \u00c9p\u00edt\u0151ipari Ktsz.<\/strong>, majd az <strong>Esztergomi K\u00e1lyhagy\u00e1r Faipari \u00dczeme<\/strong>. Az esztergomi emberek csak egyszer\u0171en szipkagy\u00e1rnak h\u00edvt\u00e1k az f\u00f6ldm\u0171ves utcai \u00fczemet a sz\u00e1mos \u00e1tszervez\u00e9s ut\u00e1n is annak ellen\u00e9re, hogy az eml\u00edtett eszk\u00f6zt: a k\u00fcl\u00f6nleges pipaszipk\u00e1t m\u00e1r r\u00e9gen nem k\u00e9sz\u00edtett\u00e9k. Hely\u00e9t a gy\u00far\u00f3t\u00e1bla, a ny\u00fajt\u00f3fa, a derelyeszaggat\u00f3, a fagy\u00f6ngyf\u00fcgg\u00f6ny, a TV l\u00e1b \u00e9s m\u00e1s hasonl\u00f3 kev\u00e9ss\u00e9 nemes -ugyanakkor nagy t\u00f6megben eladhat\u00f3, sorozatban gy\u00e1rtott term\u00e9k vette \u00e1t. <\/p>\n\n\n<div class=\"wp-block-image\">\n<figure class=\"aligncenter size-full\"><img decoding=\"async\" src=\"https:\/\/fa-mives.hu\/wp-content\/uploads\/2022\/07\/10606182_344206615748327_6917034893797673748_n-1.jpg\" alt=\"\" class=\"wp-image-33\"\/><figcaption>Olt\u00f3sy f\u00e9le szipkagy\u00e1r ut\u00f3dja a Fat\u00f6megcikk Ipari V\u00e1llalat lett, de mindenki tov\u00e1bbra is csak szipkagy\u00e1rnak h\u00edvta az \u00fczemet. (R\u00e9gi Esztergom \/dunailaci<\/figcaption><\/figure>\n<\/div>\n\n\n<p>A \u201990-es \u00e9vekben t\u00f6rt\u00e9nt privatiz\u00e1ci\u00f3 ut\u00e1n ez a v\u00e1llalt is mag\u00e1nk\u00e9zbe ker\u00fclt. Ett\u0151l az \u00faj mag\u00e1n tulajdonost\u00f3l b\u00e9relte a Fa- M\u00edves Kft. a telephelyet valamint tov\u00e1bb foglalkoztatta az alkalmazottakat. (<em>A Fa- M\u00edves Kft.-t sz\u00fcleim alap\u00edtott\u00e1k: Schlosser Attila Iv\u00e1n \u00e9p\u00edt\u00e9sz \u00e9s feles\u00e9ge Schlossern\u00e9 Erika, 1994-ben.)<\/em> A Kft. a b\u00e9relt g\u00e9peket 1996-ban tudta megv\u00e1s\u00e1rolni, v\u00e9g\u00fcl 2003-ban saj\u00e1t esztergom-kertv\u00e1rosi telephelyre k\u00f6lt\u00f6z\u00f6tt, ahol a mai napig m\u0171k\u00f6dik. A leg\u00f6regebb berendez\u00e9s, egy a <strong><em>\u201920-as \u00e9vekb\u0151l sz\u00e1rmaz\u00f3 Kirchner szalagf\u0171r\u00e9sz<\/em><\/strong>, mely ma is ell\u00e1tja feladat\u00e1t, sejt\u00e9sem szerint m\u00e9g Olt\u00f3sy P\u00e1l unok\u00e1ja, Rezs\u0151 idej\u00e9n lett be\u00fczemelve.<\/p>\n\n\n<div class=\"wp-block-image\">\n<figure class=\"aligncenter size-large\"><img decoding=\"async\" src=\"https:\/\/fa-mives.hu\/wp-content\/uploads\/2022\/07\/IMGP4530-1024x681.jpg\" alt=\"\" class=\"wp-image-36\"\/><figcaption>A Fa-M\u00edves Kft m\u0171helye a 2010-es \u00e9vekben.<\/figcaption><\/figure>\n<\/div>\n\n\n<p>A Fa-M\u00edves Kft jelenleg 600 m<sup>2<\/sup>-en kialak\u00edtott m\u0171hely\u00e9ben, mintegy 20 db c\u00e9lg\u00e9ppel, gyakorlatilag b\u00e1rmilyen feladatot el tudunk v\u00e9gezni, s b\u00e1rmilyen f\u00e1b\u00f3l k\u00e9sz\u00fclt term\u00e9ket el\u0151 tudnak \u00e1ll\u00edtani: <em>\u201ea b\u00f6lcs\u0151t\u0151l a kopors\u00f3ig\u201d<\/em>. Jelenleg a c\u00e9gtulajdonoson (<em>Schlosser Attila<\/em>) k\u00edv\u00fcl h\u00e1rom f\u0151 asztalos, egy f\u0151 lakatos munkat\u00e1rs (<em>Haj\u00f3s L\u00e1szl\u00f3 aki 1974-\u00f3ta dolgozik a c\u00e9gn\u00e9l illetve el\u0151dj\u00e9n\u00e9l<\/em>) dolgozik a v\u00e1llalatn\u00e1l, valamint egy faipari m\u00e9rn\u00f6k (<em>Schlosser M\u00e1ty\u00e1s<\/em>) seg\u00edti a tervez\u00e9ssel \u00e9s \u00e9rt\u00e9kes\u00edt\u00e9ssel kapcsolatos feladatokat.<\/p>\n\n\n\n<p class=\"has-text-align-right\">Schlosser M\u00e1ty\u00e1s<\/p>\n","protected":false},"excerpt":{"rendered":"<p>A Fa-M\u00edves Kft. c\u00e9gt\u00f6rt\u00e9nete visszavezethet\u0151 eg\u00e9szen az esztergomi szipkagy\u00e1rig, amely Olt\u00f3sy P\u00e1l nev\u00e9hez k\u00f6thet\u0151. A szentgy\u00f6rgymez\u0151i szipkagy\u00e1r\u00e1ban k\u00e9sz\u00fclt term\u00e9kek magas min\u0151s\u00e9ge remek alapot ny\u00fajtottak a vil\u00e1gh\u00edrhez. Olt\u00f3sy P\u00e1l elhivatott munk\u00e1j\u00e1t k\u00e9s\u0151bb megosztotta fiaival is, az esztergomi meggyfatelepet \u00e9s az \u00fczemet Ferencre b\u00edzta. B\u00e9csben exportrakt\u00e1rat nyitottak, ezt a r\u00e9szleget P\u00e1l m\u00e1sik fia, Lajos vezette. A sikereken &hellip; <a href=\"https:\/\/fa-mives.hu\/?page_id=2\" class=\"more-link\">Continue reading<span class=\"screen-reader-text\"> &#8220;T\u00f6rt\u00e9net&#8221;<\/span><\/a><\/p>\n","protected":false},"author":1,"featured_media":40,"parent":0,"menu_order":0,"comment_status":"closed","ping_status":"open","template":"","meta":{"footnotes":""},"class_list":["post-2","page","type-page","status-publish","has-post-thumbnail","hentry"],"_links":{"self":[{"href":"https:\/\/fa-mives.hu\/index.php?rest_route=\/wp\/v2\/pages\/2","targetHints":{"allow":["GET"]}}],"collection":[{"href":"https:\/\/fa-mives.hu\/index.php?rest_route=\/wp\/v2\/pages"}],"about":[{"href":"https:\/\/fa-mives.hu\/index.php?rest_route=\/wp\/v2\/types\/page"}],"author":[{"embeddable":true,"href":"https:\/\/fa-mives.hu\/index.php?rest_route=\/wp\/v2\/users\/1"}],"replies":[{"embeddable":true,"href":"https:\/\/fa-mives.hu\/index.php?rest_route=%2Fwp%2Fv2%2Fcomments&post=2"}],"version-history":[{"count":6,"href":"https:\/\/fa-mives.hu\/index.php?rest_route=\/wp\/v2\/pages\/2\/revisions"}],"predecessor-version":[{"id":79,"href":"https:\/\/fa-mives.hu\/index.php?rest_route=\/wp\/v2\/pages\/2\/revisions\/79"}],"wp:featuredmedia":[{"embeddable":true,"href":"https:\/\/fa-mives.hu\/index.php?rest_route=\/wp\/v2\/media\/40"}],"wp:attachment":[{"href":"https:\/\/fa-mives.hu\/index.php?rest_route=%2Fwp%2Fv2%2Fmedia&parent=2"}],"curies":[{"name":"wp","href":"https:\/\/api.w.org\/{rel}","templated":true}]}}