{"id":26,"date":"2022-07-07T06:51:03","date_gmt":"2022-07-07T06:51:03","guid":{"rendered":"https:\/\/fa-mives.hu\/?page_id=26"},"modified":"2022-07-07T06:51:03","modified_gmt":"2022-07-07T06:51:03","slug":"elerhetosegeink","status":"publish","type":"page","link":"https:\/\/fa-mives.hu\/?page_id=26","title":{"rendered":"El\u00e9rhet\u0151s\u00e9geink"},"content":{"rendered":"\n<figure class=\"wp-block-image size-large is-resized\"><img loading=\"lazy\" decoding=\"async\" src=\"https:\/\/fa-mives.hu\/wp-content\/uploads\/2022\/07\/PANO_20181229_115119-1024x314.jpg\" alt=\"\" class=\"wp-image-28\" width=\"650\" height=\"199\"\/><figcaption>Kis-Str\u00e1zsa-hegyi kil\u00e1t\u00f3<\/figcaption><\/figure>\n\n\n\n<p>Schlosser M\u00e1ty\u00e1s<\/p>\n\n\n\n<p>okleveles faipari m\u00e9rn\u00f6k<\/p>\n\n\n\n<p>0630\/4910115<\/p>\n\n\n\n<p>info@fa-mives.hu<\/p>\n\n\n\n<p>2509 Esztergom- Kertv\u00e1ros Str\u00e1zsa u. 2.<\/p>\n\n\n\n<p>C\u00e9gtulajdonos:  Schlosser Attila<\/p>\n\n\n\n<p>0630\/9229399<\/p>\n\n\n\n<p>schlosser@egomnet.hu<\/p>\n","protected":false},"excerpt":{"rendered":"<p>Schlosser M\u00e1ty\u00e1s okleveles faipari m\u00e9rn\u00f6k 0630\/4910115 info@fa-mives.hu 2509 Esztergom- Kertv\u00e1ros Str\u00e1zsa u. 2. C\u00e9gtulajdonos: Schlosser Attila 0630\/9229399 schlosser@egomnet.hu<\/p>\n","protected":false},"author":1,"featured_media":0,"parent":0,"menu_order":0,"comment_status":"closed","ping_status":"closed","template":"","meta":{"footnotes":""},"class_list":["post-26","page","type-page","status-publish","hentry"],"_links":{"self":[{"href":"https:\/\/fa-mives.hu\/index.php?rest_route=\/wp\/v2\/pages\/26","targetHints":{"allow":["GET"]}}],"collection":[{"href":"https:\/\/fa-mives.hu\/index.php?rest_route=\/wp\/v2\/pages"}],"about":[{"href":"https:\/\/fa-mives.hu\/index.php?rest_route=\/wp\/v2\/types\/page"}],"author":[{"embeddable":true,"href":"https:\/\/fa-mives.hu\/index.php?rest_route=\/wp\/v2\/users\/1"}],"replies":[{"embeddable":true,"href":"https:\/\/fa-mives.hu\/index.php?rest_route=%2Fwp%2Fv2%2Fcomments&post=26"}],"version-history":[{"count":3,"href":"https:\/\/fa-mives.hu\/index.php?rest_route=\/wp\/v2\/pages\/26\/revisions"}],"predecessor-version":[{"id":30,"href":"https:\/\/fa-mives.hu\/index.php?rest_route=\/wp\/v2\/pages\/26\/revisions\/30"}],"wp:attachment":[{"href":"https:\/\/fa-mives.hu\/index.php?rest_route=%2Fwp%2Fv2%2Fmedia&parent=26"}],"curies":[{"name":"wp","href":"https:\/\/api.w.org\/{rel}","templated":true}]}}